{"id":874,"date":"2018-02-02T02:40:49","date_gmt":"2018-02-02T01:40:49","guid":{"rendered":"http:\/\/ecg.berlin\/?page_id=874"},"modified":"2021-04-26T17:24:01","modified_gmt":"2021-04-26T15:24:01","slug":"media","status":"publish","type":"page","link":"https:\/\/ecg.berlin\/ru\/media\/","title":{"rendered":"\u041c\u0435\u0434\u0438\u0430"},"content":{"rendered":"\n<h2 class=\"wp-block-heading\">Livestream<\/h2>\n \n\nWir bieten einen Livestream an f\u00fcr die, die nicht unseren Gottesdienst besuchen k\u00f6nnen.\n<a href=\"\/medien\/livestream\/\">Zum Livestream<\/a>\n\n \n<h2 class=\"wp-block-heading\">Predigten<\/h2>\n \n\nAlle unsere Predigten k\u00f6nnen nachgeh\u00f6rt und heruntergeladen werden.<a href=\"https:\/\/ecg.berlin\/medien\/predigten\/\" data-type=\"page\" data-id=\"199\"> Predigten ansehen<\/a>\n\n \n<h2 class=\"wp-block-heading\">Frag die Bibel<\/h2>\n \n\n\u201eFrag die Bibel\u201c ist ein Dienst von der Gemeinde und f\u00fcr die Gemeinde. <a href=\"https:\/\/ecg.berlin\/frag-die-bibel\/\" data-type=\"page\" data-id=\"3133\">Wir wollen zusammen lernen<\/a>, wie man die Bibel auf das eigene Leben anwendet.\n\n \n<h2 class=\"wp-block-heading\">Gemeindeseminare<\/h2>\n \n\nIn den <a href=\"https:\/\/ecg.berlin\/medien\/seminare\/\" data-type=\"page\" data-id=\"201\">Gemeindeseminaren<\/a> gehen wir Themen biblisch auf den Grund, um Gemeindemitglieder zum Dienst zuzur\u00fcsten.\n\n \n<h2 class=\"wp-block-heading\">Jugend<\/h2>\n \n\nIn der <a href=\"https:\/\/ecg.berlin\/medien\/jugendpredigten\/\" data-type=\"page\" data-id=\"203\">Jugend<\/a> behandeln wir Themen, die aktuell f\u00fcr Jugendliche sind.\n\n \n<h2 class=\"wp-block-heading\">Predigtarchiv<\/h2>\n \n\nSuchst du nach einer Predigt? <a href=\"https:\/\/ecg.berlin\/medien\/predigtarchiv\/\" data-type=\"page\" data-id=\"3511\">Hier k\u00f6nntest du f\u00fcndig werden.<\/a>\n\n","protected":false},"excerpt":{"rendered":"<p>Livestream Wir bieten einen Livestream an f\u00fcr die, die nicht unseren Gottesdienst besuchen k\u00f6nnen. Zum Livestream Predigten Alle unsere Predigten k\u00f6nnen nachgeh\u00f6rt und heruntergeladen werden. Predigten ansehen Frag die Bibel \u201eFrag die Bibel\u201c ist ein Dienst von der Gemeinde und f\u00fcr die Gemeinde. Wir wollen zusammen lernen, wie man die Bibel auf das eigene Leben<\/p>\n","protected":false},"author":2,"featured_media":3514,"parent":0,"menu_order":4,"comment_status":"closed","ping_status":"closed","template":"","meta":{"footnotes":""},"class_list":["post-874","page","type-page","status-publish","has-post-thumbnail"],"_links":{"self":[{"href":"https:\/\/ecg.berlin\/ru\/wp-json\/wp\/v2\/pages\/874","targetHints":{"allow":["GET"]}}],"collection":[{"href":"https:\/\/ecg.berlin\/ru\/wp-json\/wp\/v2\/pages"}],"about":[{"href":"https:\/\/ecg.berlin\/ru\/wp-json\/wp\/v2\/types\/page"}],"author":[{"embeddable":true,"href":"https:\/\/ecg.berlin\/ru\/wp-json\/wp\/v2\/users\/2"}],"replies":[{"embeddable":true,"href":"https:\/\/ecg.berlin\/ru\/wp-json\/wp\/v2\/comments?post=874"}],"version-history":[{"count":2,"href":"https:\/\/ecg.berlin\/ru\/wp-json\/wp\/v2\/pages\/874\/revisions"}],"predecessor-version":[{"id":3530,"href":"https:\/\/ecg.berlin\/ru\/wp-json\/wp\/v2\/pages\/874\/revisions\/3530"}],"wp:featuredmedia":[{"embeddable":true,"href":"https:\/\/ecg.berlin\/ru\/wp-json\/wp\/v2\/media\/3514"}],"wp:attachment":[{"href":"https:\/\/ecg.berlin\/ru\/wp-json\/wp\/v2\/media?parent=874"}],"curies":[{"name":"wp","href":"https:\/\/api.w.org\/{rel}","templated":true}]}}