{"id":869,"date":"2018-02-02T02:33:21","date_gmt":"2018-02-02T01:33:21","guid":{"rendered":"http:\/\/ecg.berlin\/?page_id=869"},"modified":"2018-02-05T11:07:16","modified_gmt":"2018-02-05T10:07:16","slug":"tseli-i-tsennosti","status":"publish","type":"page","link":"https:\/\/ecg.berlin\/ru\/tseli-i-tsennosti\/","title":{"rendered":"\u0426\u0435\u043b\u0438 \u0438 \u0446\u0435\u043d\u043d\u043e\u0441\u0442\u0438"},"content":{"rendered":"<h3>1. \u041c\u044b \u043a\u0440\u0435\u043f\u043a\u043e \u0434\u0435\u0440\u0436\u0438\u043c\u0441\u044f \u0437\u0430 \u0411\u0438\u0431\u043b\u0438\u044e &#8212; \u0421\u043b\u043e\u0432\u043e \u0411\u043e\u0436\u0438\u0435<\/h3>\n<p>Wir sind \u00fcberzeugt von der Irrtumslosigkeit und der Allgen\u00fcgsamkeit der Heiligen Schrift, Gottes unfehlbarem Wort (2 Timotheus 3,16-17; 2 Petrus 1,20-21). Die Bibel allein ist die Grundlage und Autorit\u00e4t der Gemeinde. Wir legen daher einen Schwerpunkt des Gemeindelebens auf die Lehre der Schrift, weil sie allein uns \u201ezubereitet und zu jedem Werk v\u00f6llig ausr\u00fcstet\u201c (2 Timotheus 3,17). Es sind das Wort Gottes und der Heilige Geist, welche allgen\u00fcgsam sind f\u00fcr das Wachstum eines jeden Gl\u00e4ubigen und f\u00fcr alle Herausforderungen des Menschen (Hebr\u00e4er 4,12). Wir verpflichten uns der Bibel allein und keinem weltlichen System oder psychologischem Ansatz (Jesaja 40,8; 1 Johannes 2,15-17).<\/p>\n<h3>2.\u00a0<span lang=\"ru\">\u041c\u044b \u0445\u043e\u0442\u0438\u043c \u043f\u0440\u043e\u0441\u043b\u0430\u0432\u0438\u0442\u044c \u0418\u0438\u0441\u0443\u0441\u0430 \u0425\u0440\u0438\u0441\u0442\u0430<\/span><\/h3>\n<p>Unser Bestreben und unser Wunsch ist es, Jesus Christus als unseren Herrn zu verherrlichen und Ihn allein anzubeten (R\u00f6mer 11,36; Epheser 2,20). Die Selbst-Zentriertheit des Menschen ist die Wurzel unserer S\u00fcnde (R\u00f6mer 1,18-25). Die Verherrlichung Jesu \u2013 und nicht die des Menschen \u2013 ist das Hauptaugenmerk der Schrift und somit auch der Fokus der Gemeinde (Epheser 1,22-23; Kolosser 1,18; Hebr\u00e4er 1,1-4). Wir wollen Gott in jedem Dienst der Gemeinde verherrlichen, preisen und anbeten. Aber nicht nur in den gemeinsamen Treffen, sondern in unserem ganzen Leben (R\u00f6mer 12,1-2; 1 Korinther 11,30). Darin liegt die Erf\u00fcllung des Menschen \u2013 Gott zu lieben und Ihn alleine anzubeten (Matth\u00e4us 22,37-38).<\/p>\n<h3>3.\u00a0<span lang=\"ru\">\u041c\u044b \u0445\u043e\u0442\u0438\u043c \u043f\u043e\u043e\u0449\u0440\u044f\u0442\u044c \u0441\u043e\u0437\u043d\u0430\u0442\u0435\u043b\u044c\u043d\u043e\u0435 \u0443\u0447\u0435\u043d\u0438\u0447\u0435\u0441\u0442\u0432\u043e \u0432 \u0446\u0435\u0440\u043a\u0432\u0438<\/span><\/h3>\n<p>Jesus Christus befahl seinen J\u00fcngern, in die Welt hinauszugehen und Menschen zu J\u00fcngern zu machen. Diese Nachfolger Jesu \u00fcbergeben ihr Leben dem Herrn und beten ihn allein an (Matth\u00e4us 28:18-20). Wir wollen in einer Welt der Oberfl\u00e4chlichkeit, bewusste tiefgr\u00fcndige Beziehungen f\u00fchren, welche das Wachstum zur Christus-\u00c4hnlichkeit zum Ziel haben (Epheser 4,7-16). Der J\u00fcngerschaftsgedanke soll jeden Bereich unseres Gemeindelebens und Alltags durchdringen (Matth\u00e4us 22,37-40; R\u00f6mer 12,1-2).<\/p>\n<h3>4. \u041c\u044b \u0445\u043e\u0442\u0438\u043c \u0441\u043e\u0434\u0435\u0439\u0441\u0442\u0432\u043e\u0432\u0430\u0442\u044c \u0443\u043a\u0440\u0435\u043f\u043b\u0435\u043d\u0438\u044e \u0431\u0440\u0430\u043a\u043e\u0432 \u0438 \u0441\u0435\u043c\u0435\u0439 \u0432 \u0446\u0435\u0440\u043a\u0432\u0438<\/h3>\n<p>Wir sind \u00fcberzeugt von dem biblischen Modell f\u00fcr die Ehe und Familie. Gott hat einen Mann und eine Frau zusammengef\u00fchrt, sodass diese ein Fleisch seien und eine Familie gr\u00fcnden (1 Mose 1,27; 1 Mose 2,21-25). In einer Zeit der Umdefinierung und Irref\u00fchrung, leben wir die Wahrheiten und Rollen der Schrift f\u00fcr den Ehemann, die Ehefrau und die Kinder aus. Diese lehren und achten wir, damit die Ehen und Familien in der Gemeinde Gottes Christus allein verherrlichen. Wir glauben, dass der Schl\u00fcssel f\u00fcr die Gemeinde die Familie ist, der Schl\u00fcssel f\u00fcr die Familie die Ehe ist und der Schl\u00fcssel f\u00fcr die Ehe der Ehemann und Vater ist (Epheser 5,22-6,4).<\/p>\n<h3>5. \u041c\u044b \u0445\u043e\u0442\u0438\u043c \u0437\u0430\u0431\u043e\u0442\u0438\u0442\u0441\u044f \u043e \u0445\u043e\u0440\u043e\u0448\u0435\u043c \u0441\u043e\u0441\u0442\u043e\u044f\u043d\u0438\u0438 \u043a\u0430\u0436\u0434\u043e\u0439 \u0434\u0443\u0448\u0438<\/h3>\n<p>Wir sind \u00fcberzeugt davon, dass die Heilige Schrift die einzige Autorit\u00e4t und L\u00f6sung f\u00fcr alle Probleme des Lebens ist (2 Timotheus 3,16-17; 2 Petrus 1,3). Wir wollen daher den Gl\u00e4ubigen in unserer Gemeinde mit der einen Wahrheit helfen, damit sie wahre Heilung im Herzen erfahren, umkehren, ihr Leben wieder neu auf die eine Wahrheit ausrichten und Gott alle Ehre darbringen (Kolosser 1,28-29). Es ist die Sorge um die Seele des Menschen, die wir im Fokus haben.<\/p>\n<h3>6. \u0411\u043e\u0433\u043e\u0441\u043b\u0443\u0436\u0435\u043d\u0438\u044f \u0438\u043c\u0435\u044e\u0442 \u0431\u043e\u043b\u044c\u0448\u043e\u0439 \u043f\u0440\u0438\u043e\u0440\u0438\u0442\u0435\u0442 \u0434\u043b\u044f \u043d\u0430\u0441<\/h3>\n<p>In unseren Gottesdiensten streben wir danach, jeden Gl\u00e4ubigen in aufrichtige Anbetung und zum Lobpreis Gottes, zu f\u00fchren. Wir wollen in Liedern Gott zum Ausdruck bringen, was wir \u00fcber ihn durch sein Wort wissen. Wir wollen der Predigt zuh\u00f6ren und \u00fcber Gott und den Menschen aus seinem Wort belehrt werden. In der Gemeinschaft wollen wir aufeinander achthaben und zu Liebe und guten Werken anspornen und ermuntern (Kol 3,16-17; 2 Timotheus 3,16-4,2; Hebr\u00e4er 10,24-25).<\/p>\n<h3>7. \u041c\u044b \u0445\u043e\u0442\u0438\u043c \u0432\u0434\u043e\u0445\u043d\u043e\u0432\u043b\u044f\u0442\u044c \u043b\u044e\u0434\u0435\u0439 \u043d\u0430 \u0441\u043b\u0443\u0436\u0435\u043d\u0438\u0435 \u0432 \u0446\u0435\u0440\u043a\u0432\u0438<\/h3>\n<p>Die Berufung eines jeden Christen ist es zu dienen, wie Christus gedient hat (Markus 10,45; 1 Petrus 2,21). Hierbei gilt es, Christus selbst, vor allem Anderen zu dienen und Ihn zu lieben (Matth\u00e4us 22,37-40; R\u00f6mer 12,1). Wir achten es f\u00fcr wichtig, jeden Gl\u00e4ubigen f\u00fcr den Dienst in der Gemeinde zuzur\u00fcsten und zum Dienst mit seinen gottgegebenen Gaben und Talenten anzuspornen. Entgegen unserer selbsts\u00fcchtigen Welt (Philipper 2,4-5) muss jeder Gl\u00e4ubige zum Wachstum und zur Reife des Leibes beitragen und seinem N\u00e4chsten dienen (1 Korinther 13; 1 Petrus 4,10-11).<\/p>\n<h3>8. \u041c\u044b \u0445\u043e\u0442\u0438\u043c \u0434\u043e\u043d\u0435\u0441\u0442\u0438 \u0434\u043e\u043d\u0435\u0441\u0442\u0438 \u0411\u043b\u0430\u0433\u0443\u044e \u0412\u0435\u0441\u0442\u044c \u0434\u043e \u043d\u0430\u0448\u0435\u0433\u043e \u0431\u043b\u0438\u0436\u043d\u0435\u0433\u043e.<\/h3>\n<p>Die Liebe Christi dr\u00e4ngt uns, unser Leben f\u00fcreinander, f\u00fcr diese Stadt und jeden Mitmenschen hinzugeben (Psalm 71,15-18; Johannes 13,34-35; 2 Korinther 5,14). Wir wollen unseren N\u00e4chsten stets mit dem Evangelium Jesu Christi erreichen. (Matth\u00e4us 28,18-20). An diesem Auftrag Gottes, das Evangelium zu verk\u00fcndigen \u2013 in unserer Umgebung oder in den entferntesten Gegenden dieser Welt \u2013 wollen wir mitwirken, damit alle Welt die rettende Botschaft vom Kreuz erf\u00e4hrt. Evangelisation in der N\u00e4he und Weltmission in der Ferne streben wir an.<\/p>\n<h3>9.\u00a0<span lang=\"ru\">\u041c\u044b \u0445\u043e\u0442\u0438\u043c \u043b\u044e\u0431\u0438\u0442\u044c \u0438 \u043f\u0440\u0438\u043d\u0438\u043c\u0430\u0442\u044c \u0434\u0440\u0443\u0433 \u0434\u0440\u0443\u0433\u0430<\/span><\/h3>\n<p>Das wahre Merkmal eines J\u00fcngers Christi ist die Liebe (Matth\u00e4us 22,37-40; Johannes 13,34-35). Hierbei geht es nicht um die weltliche Wesensart der Liebe \u2013 das Nehmens \u2013, sondern um die biblische Wahrheit \u00fcber die Liebe \u2013 das Gebens (1 Korinther 13). Wir betonen die Notwendigkeit, die christus-\u00e4hnliche Liebe greifbar und aufrichtig in gegenseitiger Wertsch\u00e4tzung, Hilfe und Annahme sichtbar werden zu lassen.<\/p>\n","protected":false},"excerpt":{"rendered":"<p>1. \u041c\u044b \u043a\u0440\u0435\u043f\u043a\u043e \u0434\u0435\u0440\u0436\u0438\u043c\u0441\u044f \u0437\u0430 \u0411\u0438\u0431\u043b\u0438\u044e &#8212; \u0421\u043b\u043e\u0432\u043e \u0411\u043e\u0436\u0438\u0435 Wir sind \u00fcberzeugt von der Irrtumslosigkeit und der Allgen\u00fcgsamkeit der Heiligen Schrift, Gottes unfehlbarem Wort (2 Timotheus 3,16-17; 2 Petrus 1,20-21). Die Bibel allein ist die Grundlage und Autorit\u00e4t der Gemeinde. Wir legen daher einen Schwerpunkt des Gemeindelebens auf die Lehre der Schrift, weil sie allein<\/p>\n","protected":false},"author":2,"featured_media":509,"parent":0,"menu_order":0,"comment_status":"closed","ping_status":"closed","template":"","meta":{"footnotes":""},"class_list":["post-869","page","type-page","status-publish","has-post-thumbnail"],"_links":{"self":[{"href":"https:\/\/ecg.berlin\/ru\/wp-json\/wp\/v2\/pages\/869","targetHints":{"allow":["GET"]}}],"collection":[{"href":"https:\/\/ecg.berlin\/ru\/wp-json\/wp\/v2\/pages"}],"about":[{"href":"https:\/\/ecg.berlin\/ru\/wp-json\/wp\/v2\/types\/page"}],"author":[{"embeddable":true,"href":"https:\/\/ecg.berlin\/ru\/wp-json\/wp\/v2\/users\/2"}],"replies":[{"embeddable":true,"href":"https:\/\/ecg.berlin\/ru\/wp-json\/wp\/v2\/comments?post=869"}],"version-history":[{"count":9,"href":"https:\/\/ecg.berlin\/ru\/wp-json\/wp\/v2\/pages\/869\/revisions"}],"predecessor-version":[{"id":950,"href":"https:\/\/ecg.berlin\/ru\/wp-json\/wp\/v2\/pages\/869\/revisions\/950"}],"wp:featuredmedia":[{"embeddable":true,"href":"https:\/\/ecg.berlin\/ru\/wp-json\/wp\/v2\/media\/509"}],"wp:attachment":[{"href":"https:\/\/ecg.berlin\/ru\/wp-json\/wp\/v2\/media?parent=869"}],"curies":[{"name":"wp","href":"https:\/\/api.w.org\/{rel}","templated":true}]}}