{"id":3095,"date":"2021-01-15T16:26:35","date_gmt":"2021-01-15T15:26:35","guid":{"rendered":"https:\/\/ecg.berlin\/?page_id=3095"},"modified":"2021-01-15T16:58:28","modified_gmt":"2021-01-15T15:58:28","slug":"vedushhij-printsip","status":"publish","type":"page","link":"https:\/\/ecg.berlin\/ru\/vedushhij-printsip\/","title":{"rendered":"\u0412\u0435\u0434\u0443\u0449\u0438\u0439 \u041f\u0440\u0438\u043d\u0446\u0438\u043f"},"content":{"rendered":"\n<p>\u0426\u0435\u0440\u043a\u043e\u0432\u044c \u0418\u0438\u0441\u0443\u0441\u0430 \u0425\u0440\u0438\u0441\u0442\u0430 \u0434\u043e\u043b\u0436\u043d\u0430 \u0438\u043c\u0435\u0442\u044c \u0446\u0435\u043b\u0438 \u0438 \u0432\u0438\u0434\u0435\u043d\u0438\u0435, \u043e\u0441\u043d\u043e\u0432\u0430\u043d\u043d\u044b\u0435 \u043d\u0430 \u0432\u043e\u043b\u0435 \u0411\u043e\u0436\u044c\u0435\u0439, \u044f\u0432\u043b\u0435\u043d\u043d\u043e\u0439 \u0432 \u0421\u0432\u044f\u0449\u0435\u043d\u043d\u043e\u043c \u041f\u0438\u0441\u0430\u043d\u0438\u0438. \u041c\u0438\u0441\u0441\u0438\u044f \u043f\u043e\u043c\u0435\u0441\u0442\u043d\u043e\u0439 \u0446\u0435\u0440\u043a\u0432\u0438 \u0434\u043e\u043b\u0436\u043d\u0430 \u0431\u044b\u0442\u044c \u043f\u043e\u043d\u044f\u0442\u043d\u0430 \u043a\u0430\u0436\u0434\u043e\u043c\u0443 \u0435\u0451 \u0447\u043b\u0435\u043d\u0443. \u0412 \u041f\u0438\u0441\u0430\u043d\u0438\u0438 \u043c\u044b \u043d\u0430\u0445\u043e\u0434\u0438\u043c \u0441\u043b\u0435\u0434\u0443\u044e\u0449\u0438\u0435 \u043f\u0440\u0438\u043e\u0440\u0438\u0442\u0435\u0442\u044b, \u043f\u0440\u0438\u043c\u0435\u043d\u0438\u043c\u044b\u0435 \u043a \u043d\u0430\u0448\u0435\u0439 \u0446\u0435\u0440\u043a\u0432\u0438 ECG-\u0425\u0435\u043b\u043b\u0435\u0440\u0441\u0434\u043e\u0440\u0444.<\/p>\n\n\n\n<h2 class=\"wp-block-heading\"><strong>1. \u041e\u0441\u043d\u043e\u0432\u043d\u044b\u0435 \u043f\u0440\u0438\u043d\u0446\u0438\u043f\u044b \u0441\u043b\u0443\u0436\u0435\u043d\u0438\u044f<\/strong><\/h2>\n\n\n\n<p>\u0427\u043b\u0435\u043d\u044b \u0446\u0435\u0440\u043a\u0432\u0438 \u0434\u043e\u043b\u0436\u043d\u044b \u0431\u044b\u0442\u044c \u0432 \u043f\u0435\u0440\u0432\u0443\u044e \u043e\u0447\u0435\u0440\u0435\u0434\u044c \u043f\u043e\u0441\u0432\u044f\u0449\u0435\u043d\u044b \u0411\u043e\u0433\u0443, \u0437\u0430\u0442\u0435\u043c \u0434\u0440\u0443\u0433 \u0434\u0440\u0443\u0433\u0443, \u0437\u0430\u0442\u0435\u043c \u043c\u0438\u0440\u0443 (\u0440\u0435\u0447\u044c \u0438\u0434\u0435\u0442 \u043e \u0441\u043b\u0443\u0436\u0435\u043d\u0438\u0438 \u043b\u044e\u0434\u044f\u043c \u0432 \u044d\u0442\u043e\u043c \u043c\u0438\u0440\u0435). \u042d\u0442\u0438 \u0442\u0440\u0438 \u043f\u0440\u0438\u043e\u0440\u0438\u0442\u0435\u0442\u0430 \u043d\u0435 \u0443\u043a\u0430\u0437\u044b\u0432\u0430\u044e\u0442 \u043d\u0430 \u043e\u043f\u0440\u0435\u0434\u0435\u043b\u0435\u043d\u043d\u044b\u0439 \u0445\u0440\u043e\u043d\u043e\u043b\u043e\u0433\u0438\u0447\u0435\u0441\u043a\u0438\u0439 \u043f\u043e\u0440\u044f\u0434\u043e\u043a, \u0430 \u0434\u043e\u043b\u0436\u043d\u044b \u043f\u0440\u0435\u0441\u043b\u0435\u0434\u043e\u0432\u0430\u0442\u044c\u0441\u044f \u043e\u0434\u043d\u043e\u0432\u0440\u0435\u043c\u0435\u043d\u043d\u043e.\u041f\u043e\u0441\u0432\u044f\u0449\u0435\u043d\u0438\u0435 \u0411\u043e\u0433\u0443 \u0437\u0430\u043a\u043b\u044e\u0447\u0430\u0435\u0442\u0441\u044f \u0432 \u043d\u0430\u0448\u0435\u043c \u043e\u0442\u043d\u043e\u0448\u0435\u043d\u0438\u0438 \u043d\u0430\u0432\u0435\u0440\u0445 \u0432 \u043b\u0438\u0447\u043d\u043e\u043c \u0438 \u0441\u043e\u0432\u043c\u0435\u0441\u0442\u043d\u043e\u043c \u0431\u043e\u0433\u043e\u0441\u043b\u0443\u0436\u0435\u043d\u0438\u0438. \u041f\u043e\u0441\u0432\u044f\u0449\u0435\u043d\u0438\u0435 \u0434\u0440\u0443\u0433 \u0434\u0440\u0443\u0433\u0443 \u0437\u0430\u043a\u043b\u044e\u0447\u0430\u0435\u0442\u0441\u044f \u0432\u043e \u0432\u0437\u0430\u0438\u043c\u043e\u043e\u0442\u043d\u043e\u0448\u0435\u043d\u0438\u044f\u0445 \u0432\u043d\u0443\u0442\u0440\u0438 \u0446\u0435\u0440\u043a\u0432\u0438, \u0432 \u043e\u0434\u043e\u0431\u0440\u0435\u043d\u0438\u0438 \u0438 \u043e\u0441\u043d\u0430\u0449\u0435\u043d\u0438\u0438 \u0447\u043b\u0435\u043d\u043e\u0432 \u0446\u0435\u0440\u043a\u0432\u0438 \u0432\u0441\u0435\u043c \u043d\u0435\u043e\u0431\u0445\u043e\u0434\u0438\u043c\u044b\u043c \u0434\u043b\u044f \u0441\u043b\u0443\u0436\u0435\u043d\u0438\u044f. \u041f\u043e\u0441\u0432\u044f\u0449\u0435\u043d\u0438\u0435 \u043c\u0438\u0440\u0443 \u0437\u0430\u043a\u043b\u044e\u0447\u0430\u0435\u0442\u0441\u044f \u0432\u043e \u0432\u043d\u0435\u0448\u043d\u0438\u0445 \u043e\u0442\u043d\u043e\u0448\u0435\u043d\u0438\u044f\u0445 \u0447\u0435\u0440\u0435\u0437 \u043b\u0438\u0447\u043d\u044b\u0439 \u043f\u0440\u0438\u043c\u0435\u0440 \u0431\u043b\u0430\u0433\u043e\u0447\u0435\u0441\u0442\u0438\u0432\u043e\u0439 \u0436\u0438\u0437\u043d\u0438 \u0438 \u0435\u0432\u0430\u043d\u0433\u0435\u043b\u0438\u0437\u0430\u0446\u0438\u044e \u043f\u043e\u0441\u0440\u0435\u0434\u0441\u0442\u0432\u043e\u043c \u0421\u0432\u044f\u0449\u0435\u043d\u043d\u043e\u0433\u043e \u041f\u0438\u0441\u0430\u043d\u0438\u044f. <a href=\"https:\/\/ecg.berlin\/ru\/vedushhij-printsip\/osnovnye-printsipy-sluzheniya\/\" data-type=\"URL\" data-id=\"https:\/\/ecg.berlin\/ru\/vedushhij-printsip\/osnovnye-printsipy-sluzheniya\/\">\u041f\u043e\u0434\u0440\u043e\u0431\u043d\u0435\u0435<\/a><\/p>\n\n\n\n<div class=\"wp-block-file\"><a href=\"https:\/\/ecg.berlin\/wp-content\/uploads\/2021\/01\/Leitbild-Prioritaeten-russisch.pdf\">Leitbild-Prioritaeten-russisch<\/a><a href=\"https:\/\/ecg.berlin\/wp-content\/uploads\/2021\/01\/Leitbild-Prioritaeten-russisch.pdf\" class=\"wp-block-file__button\" download>Herunterladen<\/a><\/div>\n\n\n\n<h2 class=\"wp-block-heading\">2. Prinzipien der Gemeindearbeit<\/h2>\n\n\n\n<p>Die Prinzipien der Gemeindearbeit geben vor, nach welchen grundlegenden Ma\u00dfst\u00e4ben wir uns bei dem Dienst orientieren. So ist es grundlegend, dass wir eine hohe Sicht von der Herrlichkeit Gottes haben. Wir bekennen, dass die Bibel als Gottes Wort perfekt ist. Wir gestehen ein, dass der Mensch s\u00fcndig ist. Der Zweck der Gemeinde ist es Gott zu verherrlichen und die Leiter m\u00fcssen qualifiziert sein. Es gibt noch viele weitere Prinzipien, aber diese sind f\u00fcr den Dienst grundlegend. <a href=\"https:\/\/ecg.berlin\/leitbild\/prinzipien-der-gemeindearbeit\/\">Weiterlesen<\/a><\/p>\n","protected":false},"excerpt":{"rendered":"<p>\u0426\u0435\u0440\u043a\u043e\u0432\u044c \u0418\u0438\u0441\u0443\u0441\u0430 \u0425\u0440\u0438\u0441\u0442\u0430 \u0434\u043e\u043b\u0436\u043d\u0430 \u0438\u043c\u0435\u0442\u044c \u0446\u0435\u043b\u0438 \u0438 \u0432\u0438\u0434\u0435\u043d\u0438\u0435, \u043e\u0441\u043d\u043e\u0432\u0430\u043d\u043d\u044b\u0435 \u043d\u0430 \u0432\u043e\u043b\u0435 \u0411\u043e\u0436\u044c\u0435\u0439, \u044f\u0432\u043b\u0435\u043d\u043d\u043e\u0439 \u0432 \u0421\u0432\u044f\u0449\u0435\u043d\u043d\u043e\u043c \u041f\u0438\u0441\u0430\u043d\u0438\u0438. \u041c\u0438\u0441\u0441\u0438\u044f \u043f\u043e\u043c\u0435\u0441\u0442\u043d\u043e\u0439 \u0446\u0435\u0440\u043a\u0432\u0438 \u0434\u043e\u043b\u0436\u043d\u0430 \u0431\u044b\u0442\u044c \u043f\u043e\u043d\u044f\u0442\u043d\u0430 \u043a\u0430\u0436\u0434\u043e\u043c\u0443 \u0435\u0451 \u0447\u043b\u0435\u043d\u0443. \u0412 \u041f\u0438\u0441\u0430\u043d\u0438\u0438 \u043c\u044b \u043d\u0430\u0445\u043e\u0434\u0438\u043c \u0441\u043b\u0435\u0434\u0443\u044e\u0449\u0438\u0435 \u043f\u0440\u0438\u043e\u0440\u0438\u0442\u0435\u0442\u044b, \u043f\u0440\u0438\u043c\u0435\u043d\u0438\u043c\u044b\u0435 \u043a \u043d\u0430\u0448\u0435\u0439 \u0446\u0435\u0440\u043a\u0432\u0438 ECG-\u0425\u0435\u043b\u043b\u0435\u0440\u0441\u0434\u043e\u0440\u0444. 1. \u041e\u0441\u043d\u043e\u0432\u043d\u044b\u0435 \u043f\u0440\u0438\u043d\u0446\u0438\u043f\u044b \u0441\u043b\u0443\u0436\u0435\u043d\u0438\u044f \u0427\u043b\u0435\u043d\u044b \u0446\u0435\u0440\u043a\u0432\u0438 \u0434\u043e\u043b\u0436\u043d\u044b \u0431\u044b\u0442\u044c \u0432 \u043f\u0435\u0440\u0432\u0443\u044e \u043e\u0447\u0435\u0440\u0435\u0434\u044c \u043f\u043e\u0441\u0432\u044f\u0449\u0435\u043d\u044b \u0411\u043e\u0433\u0443, \u0437\u0430\u0442\u0435\u043c \u0434\u0440\u0443\u0433 \u0434\u0440\u0443\u0433\u0443, \u0437\u0430\u0442\u0435\u043c \u043c\u0438\u0440\u0443 (\u0440\u0435\u0447\u044c<\/p>\n","protected":false},"author":2,"featured_media":1750,"parent":0,"menu_order":0,"comment_status":"closed","ping_status":"closed","template":"","meta":{"footnotes":""},"class_list":["post-3095","page","type-page","status-publish","has-post-thumbnail"],"_links":{"self":[{"href":"https:\/\/ecg.berlin\/ru\/wp-json\/wp\/v2\/pages\/3095","targetHints":{"allow":["GET"]}}],"collection":[{"href":"https:\/\/ecg.berlin\/ru\/wp-json\/wp\/v2\/pages"}],"about":[{"href":"https:\/\/ecg.berlin\/ru\/wp-json\/wp\/v2\/types\/page"}],"author":[{"embeddable":true,"href":"https:\/\/ecg.berlin\/ru\/wp-json\/wp\/v2\/users\/2"}],"replies":[{"embeddable":true,"href":"https:\/\/ecg.berlin\/ru\/wp-json\/wp\/v2\/comments?post=3095"}],"version-history":[{"count":4,"href":"https:\/\/ecg.berlin\/ru\/wp-json\/wp\/v2\/pages\/3095\/revisions"}],"predecessor-version":[{"id":3131,"href":"https:\/\/ecg.berlin\/ru\/wp-json\/wp\/v2\/pages\/3095\/revisions\/3131"}],"wp:featuredmedia":[{"embeddable":true,"href":"https:\/\/ecg.berlin\/ru\/wp-json\/wp\/v2\/media\/1750"}],"wp:attachment":[{"href":"https:\/\/ecg.berlin\/ru\/wp-json\/wp\/v2\/media?parent=3095"}],"curies":[{"name":"wp","href":"https:\/\/api.w.org\/{rel}","templated":true}]}}