{"id":1834,"date":"2019-11-29T11:45:25","date_gmt":"2019-11-29T10:45:25","guid":{"rendered":"https:\/\/ecg.berlin\/ecg-cloud\/"},"modified":"2019-11-29T11:45:31","modified_gmt":"2019-11-29T10:45:31","slug":"ecg-cloud","status":"publish","type":"page","link":"https:\/\/ecg.berlin\/ru\/ecg-cloud\/","title":{"rendered":"ECG Cloud"},"content":{"rendered":"\n<p>Um m\u00f6glichst einfach und effektiv kleine und gro\u00dfe Dateien im Kontext der Gemeindearbeit zu teilen nutzen wir eine Software namens Nextcloud.<br><\/p>\n\n<h2 class=\"wp-block-heading\">Zugangsdaten<\/h2>\n\n<p>F\u00fcr du keine Zugangsdaten(Benutzername und Passwort) hast, dann kannst du dich an Christian F. oder Paul W. melden. Sie helfen gerne.<\/p>\n\n<p>Es gibt 3 Wege wie du die ECG Cloud verwenden kannst. Sie schlie\u00dfen sich einander nicht aus.<\/p>\n\n<h2 class=\"wp-block-heading\">1.M\u00f6glichkeit: <strong>G<\/strong>e<strong>legentlich im Browser verwenden<\/strong><\/h2>\n\n<p>Man muss keine Programme installieren um die Dateien in der ECG Cloud zu sehen, bearbeiten, hochlanden oder runterladen zu k\u00f6nnen.<\/p>\n<p>Man \u00f6ffnet einfach diesen Link: <a href=\"https:\/\/cloud.ecg.berlin\">https:\/\/cloud.ecg.berlin<\/a><br \/>Dort sind alle Dateien verf\u00fcgbar.<\/p>\n\n<h2 class=\"wp-block-heading\">2.M\u00f6glichkeit: Alle Dateien auf dem eigenen PC verf\u00fcgbar haben<\/h2>\n<p>Dazu muss man ein Programm installieren. Dies kann hier runterladen und installieren: <a href=\"https:\/\/nextcloud.com\/de\/install\/#install-clients\"><\/a><a href=\"https:\/\/nextcloud.com\/de\/install\/#install-clients\">https:\/\/nextcloud.com\/de\/install\/#install-clients<\/a><\/p>\n\n<p>Bei der Einrichtung muss man dann bei der Domain f<\/p>\n\n<p>Nach der Installation sind folgende Zugangsdaten einzugeben:<br>Server:\u00a0 <strong>cloud.ecg.berlin<\/strong><br>Benutzername:\u00a0 <em>dein benutzername &#8212; meistens vorname_nachname<\/em><br>Passwort: <em>dein passwort<\/em><\/p>\n\n<p>Dann wird ein Ordner erstellt mit allen Dateien aus der Cloud. Wenn man dort Dateien hinzuf\u00fcgt oder entfernt wird das auch in der Cloud so sein.<\/p>\n\n<h2 class=\"wp-block-heading\">3.M\u00f6glichkeit: Dateien auf dem Smartphone\/Tablet verf\u00fcgbar haben<\/h2>\n\n<p>F\u00fcr Android-Ger\u00e4te kann eine kostenlose App daf\u00fcr hier herunterladen: <a href=\"https:\/\/play.google.com\/store\/apps\/details?id=com.nextcloud.client\">https:\/\/play.google.com\/store\/apps\/details?id=com.nextcloud.client<\/a><br><br>F\u00fcr Apple-Ger\u00e4te kann man eine kostenlose App daf\u00fcr hier herunterladen: <br><a href=\"https:\/\/itunes.apple.com\/us\/app\/nextcloud\/id1125420102?mt=8\">https:\/\/itunes.apple.com\/us\/app\/nextcloud\/id1125420102?mt=8<\/a><\/p>\n","protected":false},"excerpt":{"rendered":"<p>Um m\u00f6glichst einfach und effektiv kleine und gro\u00dfe Dateien im Kontext der Gemeindearbeit zu teilen nutzen wir eine Software namens Nextcloud. Zugangsdaten F\u00fcr du keine Zugangsdaten(Benutzername und Passwort) hast, dann kannst du dich an Christian F. oder Paul W. melden. Sie helfen gerne. Es gibt 3 Wege wie du die ECG Cloud verwenden kannst. Sie<\/p>\n","protected":false},"author":2,"featured_media":0,"parent":0,"menu_order":0,"comment_status":"closed","ping_status":"closed","template":"","meta":{"footnotes":""},"class_list":["post-1834","page","type-page","status-publish"],"_links":{"self":[{"href":"https:\/\/ecg.berlin\/ru\/wp-json\/wp\/v2\/pages\/1834","targetHints":{"allow":["GET"]}}],"collection":[{"href":"https:\/\/ecg.berlin\/ru\/wp-json\/wp\/v2\/pages"}],"about":[{"href":"https:\/\/ecg.berlin\/ru\/wp-json\/wp\/v2\/types\/page"}],"author":[{"embeddable":true,"href":"https:\/\/ecg.berlin\/ru\/wp-json\/wp\/v2\/users\/2"}],"replies":[{"embeddable":true,"href":"https:\/\/ecg.berlin\/ru\/wp-json\/wp\/v2\/comments?post=1834"}],"version-history":[{"count":1,"href":"https:\/\/ecg.berlin\/ru\/wp-json\/wp\/v2\/pages\/1834\/revisions"}],"predecessor-version":[{"id":1835,"href":"https:\/\/ecg.berlin\/ru\/wp-json\/wp\/v2\/pages\/1834\/revisions\/1835"}],"wp:attachment":[{"href":"https:\/\/ecg.berlin\/ru\/wp-json\/wp\/v2\/media?parent=1834"}],"curies":[{"name":"wp","href":"https:\/\/api.w.org\/{rel}","templated":true}]}}